{"id":521,"date":"2017-03-21T13:16:04","date_gmt":"2017-03-21T13:16:04","guid":{"rendered":"http:\/\/essential.ravenbluethemes.com\/?page_id=9"},"modified":"2024-01-25T00:51:41","modified_gmt":"2024-01-24T23:51:41","slug":"home","status":"publish","type":"page","link":"https:\/\/mbus.pl\/","title":{"rendered":"Home"},"content":{"rendered":"<p>[vc_row full_width=&#8221;stretch_row_content_no_spaces&#8221; full_height=&#8221;yes&#8221; content_placement=&#8221;middle&#8221; el_id=&#8221;Start&#8221;][vc_column][vc_banner title=&#8221;MBUS&#8221; subtitle=&#8221;Przewozy pasa\u017cerskie Polska i Europa&#8221; show_arrow=&#8221;true&#8221; arrow_link=&#8221;#about&#8221; css=&#8221;.vc_custom_1635108121893{background-position: center !important;background-repeat: no-repeat !important;background-size: cover !important;}&#8221;][\/vc_column][\/vc_row][vc_row full_width=&#8221;stretch_row_content_no_spaces&#8221;][vc_column][vc_column_text css=&#8221;.vc_custom_1635092062921{padding-top: 50px !important;background-color: #ffffff !important;}&#8221;]<\/p>\n<h1 style=\"text-align: center;\">Firma przewozowa Mbus to :<\/h1>\n<p>[\/vc_column_text][\/vc_column][\/vc_row][vc_row full_width=&#8221;stretch_row&#8221; desktop_pt=&#8221;padding-lg-50t&#8221; desktop_pb=&#8221;padding-lg-50b&#8221; tablets_pt=&#8221;padding-sm-80t&#8221; tablets_pb=&#8221;padding-sm-100b&#8221; mobile_pt=&#8221;padding-xs-35t&#8221; mobile_pb=&#8221;padding-xs-50b&#8221; css=&#8221;.vc_custom_1635091891110{background-color: #ffffff !important;}&#8221;][vc_column width=&#8221;1\/3&#8243;][vc_icon_shortcode font_icon=&#8221;ionicons&#8221; icon_ionicons=&#8221;ion-ios-car&#8221; title=&#8221;Bezpiecze\u0144stwo&#8221; description=&#8221;CREATIVITY&#8221; icon=&#8221;fa fa-filter&#8221;][\/vc_icon_shortcode][\/vc_column][vc_column width=&#8221;1\/3&#8243;][vc_icon_shortcode font_icon=&#8221;ionicons&#8221; icon_ionicons=&#8221;ion-md-car&#8221; title=&#8221;Pewno\u015b\u0107&#8221; description=&#8221;CREATIVITY&#8221; icon=&#8221;fa fa-gitlab&#8221;][\/vc_icon_shortcode][\/vc_column][vc_column width=&#8221;1\/3&#8243;][vc_icon_shortcode icon_fontawesome=&#8221;fas fa-bus-alt&#8221; title=&#8221;Komfort&#8221; description=&#8221;CREATIVITY&#8221; icon=&#8221;fa fa-gitlab&#8221;][\/vc_icon_shortcode][\/vc_column][\/vc_row][vc_row full_width=&#8221;stretch_row&#8221; desktop_pt=&#8221;padding-lg-0t&#8221; desktop_pb=&#8221;padding-lg-50b&#8221; tablets_pt=&#8221;padding-sm-80t&#8221; tablets_pb=&#8221;padding-sm-100b&#8221; mobile_pt=&#8221;padding-xs-35t&#8221; mobile_pb=&#8221;padding-xs-50b&#8221; css=&#8221;.vc_custom_1635091914707{background-color: #ffffff !important;}&#8221;][vc_column][vc_column_text]<\/p>\n<h3 style=\"text-align: center; line-height: 1.8em;\"><strong>Firma mBus Marcin Mielcarek istnieje na rynku od 2007r ma przyjemno\u015b\u0107 zaoferowa\u0107 Pa\u0144stwu swoje us\u0142ugi transportowe komfortowymi busami.<\/strong><\/h3>\n<p>[\/vc_column_text][\/vc_column][\/vc_row][vc_row full_width=&#8221;stretch_row_content_no_spaces&#8221; desktop_pt=&#8221;padding-lg-50t&#8221; desktop_pb=&#8221;padding-lg-0b&#8221; mobile_pt=&#8221;padding-xs-50t&#8221; css=&#8221;.vc_custom_1637183409488{background-color: #f7f7f7 !important;}&#8221; el_id=&#8221;Sprinter&#8221;][vc_column width=&#8221;2\/3&#8243;][vc_column_text css=&#8221;.vc_custom_1637182573373{padding-bottom: 50px !important;}&#8221;]<\/p>\n<h2 style=\"text-align: center;\">Przewozy turystyczne<\/h2>\n<p style=\"text-align: center;\">\n<div>\n<h4 style=\"text-align: center;\"><strong>Oferujemy:<\/strong><\/h4>\n<p style=\"text-align: center;\">\n<h6 style=\"text-align: center;\">&#8211; przewozy turystyczne \u00a0w \u00a0kraju i za granic\u0105<\/h6>\n<h6 style=\"text-align: center;\">&#8211; nowoczesne markowe autobusy o wysokim standardzie<\/h6>\n<h6 style=\"text-align: center;\">&#8211; profesjonalnych i do\u015bwiadczonych kierowc\u00f3w<\/h6>\n<h6 style=\"text-align: center;\">&#8211; mi\u0142\u0105 i kulturaln\u0105 obs\u0142ug\u0119<\/h6>\n<p style=\"text-align: center;\">\n<h6 style=\"line-height: 1.8em; text-align: center;\">Posiadamy wszystkie wymagane zezwolenia oraz ubezpieczenia gwarantuj\u0105ce bezpieczn\u0105 podr\u00f3\u017c po ca\u0142ym \u015bwiecie. Wysoka jako\u015b\u0107 przewoz\u00f3w turystycznych jest naszym najwa\u017cniejszym celem, dlatego zale\u017cy nam na Pa\u0144stwa zadowoleniu.<\/h6>\n<\/div>\n<p>[\/vc_column_text][\/vc_column][vc_column width=&#8221;1\/3&#8243;][vc_single_image image=&#8221;731&#8243; img_size=&#8221;full&#8221;][\/vc_column][\/vc_row][vc_row full_width=&#8221;stretch_row_content_no_spaces&#8221; desktop_pt=&#8221;padding-lg-0t&#8221; desktop_pb=&#8221;padding-lg-50b&#8221; css=&#8221;.vc_custom_1635093189963{background-color: #f7f7f7 !important;}&#8221;][vc_column][vc_row_inner][vc_column_inner width=&#8221;1\/3&#8243;][vc_single_image image=&#8221;531&#8243; img_size=&#8221;full&#8221;][\/vc_column_inner][vc_column_inner width=&#8221;1\/3&#8243;][vc_single_image image=&#8221;538&#8243; img_size=&#8221;full&#8221;][\/vc_column_inner][vc_column_inner width=&#8221;1\/3&#8243;][vc_single_image image=&#8221;568&#8243; img_size=&#8221;full&#8221;][\/vc_column_inner][\/vc_row_inner][\/vc_column][\/vc_row][vc_row full_width=&#8221;stretch_row_content_no_spaces&#8221; desktop_pt=&#8221;padding-lg-50t&#8221; desktop_pb=&#8221;padding-lg-50b&#8221; mobile_pt=&#8221;padding-xs-50t&#8221; mobile_pb=&#8221;padding-xs-50b&#8221; css=&#8221;.vc_custom_1637183809185{background-color: #ffffff !important;}&#8221;][vc_column width=&#8221;2\/3&#8243;][vc_column_text]<\/p>\n<h2 style=\"text-align: center;\">Transport na lotnisko flot\u0105 bus\u00f3w<\/h2>\n<div>\n<h6 style=\"line-height: 1.8em; text-align: center;\">Je\u017celi zastanawiasz si\u0119 jak dojecha\u0107 na lotnisko bezpiecznie, komfortowo oraz na czas. Nie musisz si\u0119 t\u0142oczy\u0107 z innymi, wybiera\u0107 trasy przesiadkowe i \u0142\u0105czy\u0107 \u015brodki komunikacji. Zrezygnuj z autobus\u00f3w, poci\u0105g\u00f3w oraz nieplanowanych op\u00f3\u017anie\u0144. Wybierz naszego busa. Oferujemy rozwi\u0105zania dedykowane w\u0142a\u015bnie dla Ciebie! Realizujemy transfery na lotniska w ca\u0142ej Polsce. Do Pa\u0144stwa dyspozycji oddajemy najlepiej wyposa\u017cone busy; wygodne fotele, klimatyzacja, ekran pok\u0142adowy. Z nami zawsze dotrzesz na czas, szybko, bez stresu i w mi\u0142ej atmosferze.<\/h6>\n<h4 style=\"text-align: center;\"><strong>Realizujemy transfery na lotniska:<\/strong><\/h4>\n<h6 style=\"text-align: center;\">Pozna\u0144 &#8211; Berlin<\/h6>\n<h6 style=\"text-align: center;\">Pozna\u0144 &#8211; Warszawa Ok\u0119cie<\/h6>\n<h6 style=\"text-align: center;\">Pozna\u0144 &#8211; Warszawa Modlin<\/h6>\n<h6 style=\"text-align: center;\">Pozna\u0144 \u2013 Gda\u0144sk<\/h6>\n<h6 style=\"text-align: center;\">Pozna\u0144 \u2013 Katowice Pyrzowice<\/h6>\n<h6 style=\"text-align: center;\">Pozna\u0144 &#8211; Wroc\u0142aw<\/h6>\n<h6 style=\"text-align: center;\">Pozna\u0144 &#8211; Krak\u00f3w<\/h6>\n<h6 style=\"line-height: 1.8em; text-align: center;\">Jeste\u015bmy elastyczni! Je\u017celi potrzebujesz transportu w nietypowej porze, podr\u00f3\u017cujesz z ma\u0142ym dzieckiem wymagaj\u0105cym fotelika, przewozisz zwierz\u0119 albo po prostu du\u017cy baga\u017c. Dotarcie na lotnisko wcale nie musi by\u0107 trudne. Skontaktuj si\u0119 z nami, zaproponujemy najlepsze rozwi\u0105zanie.<\/h6>\n<\/div>\n<p>[\/vc_column_text][\/vc_column][vc_column width=&#8221;1\/3&#8243;][vc_single_image image=&#8221;604&#8243; img_size=&#8221;full&#8221;][vc_single_image image=&#8221;565&#8243; img_size=&#8221;full&#8221;][vc_single_image image=&#8221;567&#8243; img_size=&#8221;full&#8221;][\/vc_column][\/vc_row][vc_row full_width=&#8221;stretch_row_content_no_spaces&#8221; desktop_pt=&#8221;padding-lg-50t&#8221; desktop_pb=&#8221;padding-lg-50b&#8221; mobile_pt=&#8221;padding-xs-50t&#8221; css=&#8221;.vc_custom_1637183675159{background-color: #f7f7f7 !important;}&#8221; el_id=&#8221;Benek&#8221;][vc_column width=&#8221;1\/2&#8243;][vc_single_image image=&#8221;566&#8243; img_size=&#8221;full&#8221;][\/vc_column][vc_column width=&#8221;1\/2&#8243;][vc_column_text]<\/p>\n<h2 style=\"text-align: center;\">Mercedes z 1973r do \u015blubu<\/h2>\n<p style=\"text-align: center;\"><span style=\"font-family: Arial;\">Proponujemy Pa\u0144stwu wynajem zabytkowego samochodu marki Mercedes-Benz W115 z 1973r.<\/span><\/p>\n<p style=\"text-align: center;\"><span style=\"font-family: Arial;\"> Wyj\u0105tkowy, oryginalny, stylowy samoch\u00f3d<span style=\"font-size: 12pt;\">:<br \/>\n<\/span><\/span><\/p>\n<ul style=\"text-align: center;\">\n<li><span style=\"font-family: Arial;\">do \u015blubu<\/span><\/li>\n<li><span style=\"font-family: Arial;\">na uroczysto\u015bci jubileuszowe<\/span><\/li>\n<li><span style=\"font-family: Arial;\">wieczory panie\u0144skie lub kawalerskie<\/span><\/li>\n<li><span style=\"font-family: Arial;\">sesje fotograficzne<\/span><\/li>\n<li><span style=\"font-family: Arial;\">wyjazdy plenerowe<\/span><\/li>\n<\/ul>\n<p style=\"text-align: center;\"><br style=\"mso-special-character: line-break;\" \/><span style=\"text-align: justify;\"><span style=\"font-family: Arial;\">To przepi\u0119kne autko sprzed lat mamy do Pa\u0144stwa dyspozycji g\u0142\u00f3wnie na terenie wojew\u00f3dztwa wielkopolskiego. <\/span><br \/>\n<span style=\"font-family: Arial;\">(Wrze\u015bnia, Pozna\u0144, \u015aroda Wlkp. \u015arem, Gniezno, Zaniemy\u015bl, S\u0142upca, Nekla, Swarz\u0119dz, Witkowo, K\u00f3rnik, Mi\u0142os\u0142aw, Trzemeszno, Pyzdry, Pobiedziska i okolice)<\/span><br \/>\n<\/span><\/p>\n<p style=\"text-align: center;\"><a href=\"http:\/\/www.mercdoslubu.pl\/\">Czytaj wi\u0119cej<\/a><\/p>\n<p>[\/vc_column_text][\/vc_column][\/vc_row][vc_row full_width=&#8221;stretch_row_content_no_spaces&#8221; desktop_pt=&#8221;padding-lg-0t&#8221; desktop_pb=&#8221;padding-lg-50b&#8221; css=&#8221;.vc_custom_1635093189963{background-color: #f7f7f7 !important;}&#8221;][vc_column][vc_row_inner][vc_column_inner width=&#8221;1\/3&#8243;][vc_single_image image=&#8221;687&#8243; img_size=&#8221;full&#8221;][\/vc_column_inner][vc_column_inner width=&#8221;1\/3&#8243;][vc_single_image image=&#8221;688&#8243; img_size=&#8221;full&#8221;][\/vc_column_inner][vc_column_inner width=&#8221;1\/3&#8243;][vc_single_image image=&#8221;689&#8243; img_size=&#8221;full&#8221;][\/vc_column_inner][\/vc_row_inner][\/vc_column][\/vc_row][vc_row full_width=&#8221;stretch_row_content_no_spaces&#8221; desktop_pt=&#8221;padding-lg-0t&#8221; desktop_pb=&#8221;padding-lg-50b&#8221; mobile_pt=&#8221;padding-xs-50t&#8221; css=&#8221;.vc_custom_1637183659112{background-color: #ffffff !important;}&#8221;][vc_column width=&#8221;1\/2&#8243;][vc_testimonials title=&#8221;Oferta&#8221; testimonials=&#8221;%5B%7B%22name%22%3A%22Bezpiecze%C5%84stwo%22%2C%22quote%22%3A%22Pa%C5%84stwa%20bezpiecze%C5%84stwo%20i%20komfort%20s%C4%85%20dla%20nas%20priorytetem%2C%20dlatego%20te%C5%BC%20nasza%20kadra%20kierowc%C3%B3w%20to%20wysoce%20kulturalny%20i%20wyspecjalizowany%20personel%20z%20wieloletnim%20do%C5%9Bwiadczeniem.%20Kierowcy%20s%C4%85%20zawsze%20wypocz%C4%99ci%20przed%20podr%C3%B3%C5%BC%C4%85.%20W%20trasie%20wspomaga%20nas%20nawigacja%20GPS%2C%20pasa%C5%BCerowie%20s%C4%85%20ubezpieczeni%20na%20czas%20podr%C3%B3%C5%BCy%20(NNW).%20Nasze%20samochody%20to%20czyste%20i%20zadbane%20pojazdy%20wyposa%C5%BCone%20w%20klimatyzacj%C4%99%20dwustrefow%C4%85%2C%20przyciemniane%20szyby%2C%20oraz%20DVD%20dla%20wszystkich%20podr%C3%B3%C5%BCnych.%20Spora%20przestrze%C5%84%20baga%C5%BCowa%20bez%20problemu%20pomie%C5%9Bci%20Pa%C5%84stwa%20baga%C5%BCe.%5Cn%20%20%20%20%20%20%20%20%20%20%20%20%20%20%20%20%20%20%20%20%20%20%20%20%20%20%20%20%22%7D%2C%7B%22name%22%3A%22Flota%22%2C%22quote%22%3A%22Do%20dyspozycji%20naszych%20klient%C3%B3w%20posiadamy%20minibusy%20przystosowane%20do%20przewozu%209%20os%C3%B3b%20wraz%20z%20kierowc%C4%85(8%2B1).%20Marki%20Opel%20Vivaro%20i%20Renault%20Trafic%22%7D%2C%7B%22name%22%3A%22Do%C5%9Bwiadczenie%22%2C%22quote%22%3A%22Posiadamy%20niezb%C4%99dn%C4%85%20wiedz%C4%99%20i%20do%C5%9Bwiadczenie%2C%20aby%20w%20pe%C5%82ni%20wykonywa%C4%87%20oferowane%20przez%20nas%20us%C5%82ugi.%20Specjalizujemy%20si%C4%99%20w%20%20przewozach%20os%C3%B3b%20busami%20na%20terenie%20Europy%2C%20a%20w%20szczeg%C3%B3lno%C5%9Bci%20kraje%3A%20Polska%2C%20Belgia%2C%20Holandia%2C%20Francja.%22%7D%5D&#8221; css=&#8221;.vc_custom_1635961829285{background-color: #ffffff !important;}&#8221;][\/vc_column][vc_column width=&#8221;1\/2&#8243;][vc_single_image image=&#8221;643&#8243; img_size=&#8221;full&#8221;][\/vc_column][\/vc_row][vc_row full_width=&#8221;stretch_row_content_no_spaces&#8221; desktop_pt=&#8221;padding-lg-50t&#8221; mobile_pt=&#8221;padding-xs-50t&#8221; css=&#8221;.vc_custom_1637606761213{background-color: #f7f7f7 !important;}&#8221; el_id=&#8221;Ubezpieczenie&#8221;][vc_column][vc_single_image image=&#8221;710&#8243; img_size=&#8221;full&#8221; alignment=&#8221;center&#8221; css=&#8221;.vc_custom_1637606652787{padding-top: 50px !important;padding-bottom: 50px !important;}&#8221;][vc_column_text]<\/p>\n<p style=\"text-align: center;\" align=\"CENTER\"><span style=\"color: #000000;\"><span style=\"font-size: 300%;\">Ubezpieczenie Turystyczne<\/span><\/span><\/p>\n<p style=\"text-align: center;\" align=\"CENTER\"><span style=\"color: #000000;\"><span style=\"font-size: large;\">Wybierasz si\u0119 na urlop w Polsce? A mo\u017ce planujesz orientalne wakacje nad morzem, w g\u00f3rach, czy w jednym z europejskich miast? Bez wzgl\u0119du na cel Twojej podr\u00f3\u017cy, warto odpowiednio si\u0119 do niej przygotowa\u0107. Transport czy nocleg to nie jedyne elementy, o kt\u00f3rych musisz pami\u0119ta\u0107. R\u00f3wnie wa\u017cne jest odpowiednie\u00a0ubezpieczenie, kt\u00f3re ochroni Ci\u0119 na wypadek niespodziewanych wydarze\u0144.<\/span><\/span><\/p>\n<p style=\"text-align: center;\" align=\"CENTER\"><span style=\"color: #000000;\"><span style=\"font-size: large;\">Podr\u00f3\u017cowanie dostarcza nam wielu emocji i niezapomnianych wra\u017ce\u0144. Nie pozw\u00f3l, aby nieprzewidziane zdarzenie zburzy\u0142o Tw\u00f3j dobry nastr\u00f3j i poczucie bezpiecze\u0144stwa.\u00a0Dopasuj ubezpieczenie podr\u00f3\u017cne do swoich plan\u00f3w i podr\u00f3\u017cuj z u\u015bmiechem na twarzy.<\/span><\/span><\/p>\n<p style=\"text-align: center;\"><span style=\"color: #000000;\"><span style=\"font-size: large;\">Twoje korzy\u015bci\u00a0<\/span><\/span><\/p>\n<ul style=\"text-align: center;\">\n<li><span style=\"color: #000000;\"><span style=\"font-size: large;\">Mo\u017cliwo\u015b\u0107 wybrania indywidualnego zakresu ochrony<\/span><\/span><\/li>\n<li><span style=\"color: #000000;\"><span style=\"font-size: large;\">Szeroki zakres ochrony, m.in.: koszty leczenia i assistance, NNW, ubezpieczenie baga\u017cu podr\u00f3\u017cnego i OC w \u017cyciu prywatnym, ubezpieczenie koszt\u00f3w wyjazdu z tytu\u0142u rezygnacji albo koszt\u00f3w skr\u00f3cenia uczestnictwa w imprezie<\/span><\/span><\/li>\n<li><span style=\"color: #000000;\"><span style=\"font-size: large;\">Wysokie sumy ubezpieczenia \u2013 koszty leczenia i assistance do\u00a0<\/span><\/span><span style=\"color: #000000;\"><span style=\"font-size: large;\"><b>1,5 mln z\u0142<\/b><\/span><\/span><\/li>\n<li><span style=\"color: #000000;\"><span style=\"font-size: large;\">Mo\u017cliwo\u015b\u0107 rozszerzenia ochrony o dzia\u0142ania pod wp\u0142ywem alkoholu i zaostrze\u0144 lub powik\u0142a\u0144 chor\u00f3b przewlek\u0142ych jak i COVID-19<\/span><\/span><\/li>\n<\/ul>\n<p style=\"text-align: center;\">\n<p style=\"text-align: center;\"><span style=\"color: #000000;\"><span style=\"font-size: large;\">Zapraszamy do naszego biura ubezpiecze\u0144:<\/span><\/span><\/p>\n<p style=\"text-align: center;\"><span style=\"color: #000000;\"><span style=\"font-size: large;\">62-300 Wrze\u015bnia ul. Chrobrego 12a<\/span><\/span><\/p>\n<p style=\"text-align: center;\"><span style=\"color: #000000;\"><span style=\"font-size: large;\">Tel. +48\u00a0504-299-822<\/span><\/span><\/p>\n<p style=\"text-align: center;\"><span style=\"color: #000000;\"><span style=\"font-size: large;\">Lub facebook: <\/span><\/span><a href=\"http:\/\/www.facebook.com\/ubezpieczenia112wrzesnia\"><span style=\"font-size: large;\">www.facebook.com\/ubezpieczenia112wrzesnia<\/span><\/a><\/p>\n<p>[\/vc_column_text][vc_single_image image=&#8221;692&#8243; img_size=&#8221;full&#8221; alignment=&#8221;center&#8221; css=&#8221;.vc_custom_1637182445269{padding-top: 50px !important;padding-bottom: 50px !important;}&#8221;][\/vc_column][\/vc_row][vc_row full_width=&#8221;stretch_row_content_no_spaces&#8221; desktop_pt=&#8221;padding-lg-0t&#8221; desktop_pb=&#8221;padding-lg-50b&#8221; css=&#8221;.vc_custom_1635961728977{background-color: #ffffff !important;}&#8221;][vc_column][vc_column_text]<\/p>\n<h2 style=\"text-align: center;\">Kontakt<\/h2>\n<p>&nbsp;<\/p>\n<div>\n<p style=\"text-align: center;\"><strong>MBUS PRZEWOZY PASA\u017bERSKIE<\/strong><br \/>\nul. Szkolna 6\/16, 62-300 Wrze\u015bnia<\/p>\n<p style=\"text-align: center;\">Telefon: \u00a0 \u00a0 +48 501-259-336<br \/>\nE-mail: \u00a0 \u00a0 <span id=\"cloakda0dd1dfd789c08cead8db3683f675ba\"><a href=\"mailto:mbus.transport@op.pl\">mbus.transport@op.pl<\/a><\/span><\/p>\n<p style=\"text-align: center;\">nr konta bankowego:<br \/>\n91 1140 2004 0000 3102 4745 0138<\/p>\n<p>&nbsp;<\/p>\n<\/div>\n<p>&nbsp;[\/vc_column_text][\/vc_column][\/vc_row]<\/p>\n","protected":false},"excerpt":{"rendered":"<p>[vc_row full_width=&#8221;stretch_row_content_no_spaces&#8221; full_height=&#8221;yes&#8221; content_placement=&#8221;middle&#8221; el_id=&#8221;Start&#8221;][vc_column][vc_banner title=&#8221;MBUS&#8221; subtitle=&#8221;Przewozy pasa\u017cerskie Polska i Europa&#8221; show_arrow=&#8221;true&#8221; arrow_link=&#8221;#about&#8221; css=&#8221;.vc_custom_1635108121893{background-position: center !important;background-repeat: no-repeat !important;background-size: cover !important;}&#8221;][\/vc_column][\/vc_row][vc_row full_width=&#8221;stretch_row_content_no_spaces&#8221;][vc_column][vc_column_text css=&#8221;.vc_custom_1635092062921{padding-top:&#8230;<\/p>\n","protected":false},"author":1,"featured_media":0,"parent":0,"menu_order":0,"comment_status":"closed","ping_status":"closed","template":"","meta":{"footnotes":""},"class_list":["post-521","page","type-page","status-publish","hentry"],"_links":{"self":[{"href":"https:\/\/mbus.pl\/index.php\/wp-json\/wp\/v2\/pages\/521","targetHints":{"allow":["GET"]}}],"collection":[{"href":"https:\/\/mbus.pl\/index.php\/wp-json\/wp\/v2\/pages"}],"about":[{"href":"https:\/\/mbus.pl\/index.php\/wp-json\/wp\/v2\/types\/page"}],"author":[{"embeddable":true,"href":"https:\/\/mbus.pl\/index.php\/wp-json\/wp\/v2\/users\/1"}],"replies":[{"embeddable":true,"href":"https:\/\/mbus.pl\/index.php\/wp-json\/wp\/v2\/comments?post=521"}],"version-history":[{"count":144,"href":"https:\/\/mbus.pl\/index.php\/wp-json\/wp\/v2\/pages\/521\/revisions"}],"predecessor-version":[{"id":733,"href":"https:\/\/mbus.pl\/index.php\/wp-json\/wp\/v2\/pages\/521\/revisions\/733"}],"wp:attachment":[{"href":"https:\/\/mbus.pl\/index.php\/wp-json\/wp\/v2\/media?parent=521"}],"curies":[{"name":"wp","href":"https:\/\/api.w.org\/{rel}","templated":true}]}}