{"id":666,"date":"2021-10-27T16:12:08","date_gmt":"2021-10-27T14:12:08","guid":{"rendered":"http:\/\/mbus.pl\/?page_id=666"},"modified":"2021-10-27T16:15:34","modified_gmt":"2021-10-27T14:15:34","slug":"regulamin","status":"publish","type":"page","link":"https:\/\/mbus.pl\/index.php\/regulamin\/","title":{"rendered":"Regulamin"},"content":{"rendered":"<p>[vc_row full_width=&#8221;stretch_row_content_no_spaces&#8221; full_height=&#8221;yes&#8221; content_placement=&#8221;middle&#8221; el_id=&#8221;Start&#8221;][vc_column][vc_banner title=&#8221;MBUS&#8221; subtitle=&#8221;Przewozy pasa\u017cerskie Polska i Europa&#8221; show_arrow=&#8221;true&#8221; arrow_link=&#8221;#about&#8221; css=&#8221;.vc_custom_1635108121893{background-position: center !important;background-repeat: no-repeat !important;background-size: cover !important;}&#8221;][\/vc_column][\/vc_row][vc_row full_width=&#8221;stretch_row_content_no_spaces&#8221; css=&#8221;.vc_custom_1635098957656{padding-right: 100px !important;padding-left: 100px !important;background-color: #ffffff !important;}&#8221; el_id=&#8221;Kontakt&#8221;][vc_column][vc_column_text]<\/p>\n<div class=\"page-header\">\n<h2>REGULAMIN mBus Przewozy Pasa\u017cerskie<\/h2>\n<\/div>\n<div>\n<p><strong>Postanowienia og\u00f3lne.<\/strong><br \/>\nObja\u015bnienia sformu\u0142owa\u0144:<br \/>\na) Pasa\u017cer\u00a0 &#8211; osoba korzystaj\u0105ca z us\u0142ugi przewozu.<br \/>\nb) Przewo\u017anik &#8211; firma wykonuj\u0105ca przew\u00f3z Pasa\u017cer\u00f3w pojazdem na podstawie licencji wydanej przez w\u0142a\u015bciwe organy administracji.<br \/>\nc) Baga\u017c \u2013 rzeczy, kt\u00f3re przewozi ze sob\u0105 Pasa\u017cer.<\/p>\n<p>W zakresie nieuregulowanym w niniejszym Regulaminie maj\u0105 zastosowanie przepisy: ustawa z dnia 15 listopada 1984 r. Prawo Przewozowe (tekst jednolity Dz. U. z 2000 r. nr 50, poz. 601; z p\u00f3\u017an. zmian.), ustawa z dnia 23 kwietnia 1964 r. Kodeks Cywilny (Dz. U. z 1964 r. nr 16, poz. 93; z p\u00f3\u017an. zmian.)<\/p>\n<p align=\"JUSTIFY\"><em><strong>a) Pasa\u017cer<\/strong><\/em><\/p>\n<ul>\n<p align=\"JUSTIFY\">Pasa\u017cer ma obowi\u0105zek spe\u0142nia\u0107 wszystkie wymagania zwi\u0105zane z podr\u00f3\u017c\u0105,<br \/>\ntj. posiada\u0107 wa\u017cne dokumenty wyjazdowe, wjazdowe i inne uprawniaj\u0105ce do odbycia podr\u00f3\u017cy (dow\u00f3d osobisty, paszport). Pasa\u017cer ponosi \u00a0ca\u0142kowit\u0105 odpowiedzialno\u015b\u0107 za brak w\/w dokument\u00f3w. Przewo\u017anik zastrzega sobie prawo odmowy przewozu osoby, kt\u00f3ra nie posiada wa\u017cnego dokumentu podr\u00f3\u017cy i wizy wymaganej do przekroczenia granicy oraz zastrzega, i\u017c bus nie b\u0119dzie oczekiwa\u0142 na Pasa\u017cera poddanego indywidualnej odprawie paszportowej. Pasa\u017cerowi \u00a0nie przys\u0142uguje zwrot koszt\u00f3w biletu ani \u017cadna inna rekompensata.<\/p>\n<p align=\"JUSTIFY\">Pasa\u017cer jest zobowi\u0105zany do przestrzegania przepis\u00f3w porz\u0105dkowych obowi\u0105zuj\u0105cych w transporcie oraz zalece\u0144 obs\u0142ugi busa.<\/p>\n<p align=\"JUSTIFY\">Pasa\u017cer odpowiada za szkody wyrz\u0105dzone Przewo\u017anikowi (w tym szczeg\u00f3lnie za zniszczenia wyposa\u017cenia pojazdu) i innym Pasa\u017cerom na zasadach og\u00f3lnych przewidzianych \u00a0przepisami \u00a0Kodeksu Cywilnego.<\/p>\n<p align=\"JUSTIFY\">Pasa\u017cer, kt\u00f3ry w spos\u00f3b umy\u015blny lub wskutek zaniedbania zanieczyszcza pojazd jest zobowi\u0105zany do zap\u0142aty na rzecz Przewo\u017anika kwoty stanowi\u0105cej r\u00f3wnowarto\u015b\u0107 koszt\u00f3w, kt\u00f3re musi ponie\u015b\u0107 Przewo\u017anik w celu ca\u0142kowitego naprawienia szkody.<br \/>\nW przypadku, gdy wyrz\u0105dzenie szkody w spos\u00f3b, o kt\u00f3rym mowa w zdaniu pierwszym spowoduje wy\u0142\u0105czenie samochodu \u00a0z eksploatacji, to Pasa\u017cer zobowi\u0105zany jest do uiszczenia dodatkowo na rzecz Przewo\u017anika kary umownej<br \/>\nw kwocie 700 PLN za ka\u017cdy dzie\u0144 wy\u0142\u0105czenia pojazdu z eksploatacji.<\/p>\n<p align=\"JUSTIFY\">Przewo\u017anik nie ponosi odpowiedzialno\u015bci za osoby ma\u0142oletnie podr\u00f3\u017cuj\u0105ce bez prawnego opiekuna.<\/p>\n<p align=\"JUSTIFY\">Pasa\u017cer obj\u0119ty jest ubezpieczeniem od Nast\u0119pstw Nieszcz\u0119\u015bliwych Wypadk\u00f3w (NNW) Przewo\u017anika. Ubezpieczenie obejmuje tylko sytuacje, kt\u00f3re wydarzy\u0107 si\u0119 mog\u0105<br \/>\nw trakcie pobytu pasa\u017cera w poje\u017adzie. Inne zdarzenia losowe, powoduj\u0105ce szkody Pasa\u017cera powsta\u0142e poza pojazdem, nie s\u0105 obj\u0119te tym ubezpieczeniem i Przewo\u017anik nie bierze za nie odpowiedzialno\u015bci.<\/p>\n<\/ul>\n<p align=\"JUSTIFY\"><em><strong>b) Przewo\u017anik<\/strong><\/em><\/p>\n<ul>\n<p align=\"JUSTIFY\">Przewo\u017anik ma prawo nie dopu\u015bci\u0107 do zaj\u0119cia miejsca w busie lub odm\u00f3wi\u0107 dalszego przewozu bez konieczno\u015bci zwrotu koszt\u00f3w poniesionych przez Pasa\u017cera w zwi\u0105zku<br \/>\nz podr\u00f3\u017c\u0105, w przypadku, gdy Pasa\u017cer nie przestrzega postanowie\u0144 niniejszego Regulaminu. Gdy Pasa\u017cer znajduje si\u0119 w stanie wskazuj\u0105cym na spo\u017cycie alkoholu lub \u015brodk\u00f3w odurzaj\u0105cych lub znajduje si\u0119 w stanie lub \u00a0zachowuje si\u0119 w spos\u00f3b, kt\u00f3ry m\u00f3g\u0142by negatywnie wp\u0142ywa\u0107 na bezpiecze\u0144stwo lub komfort podr\u00f3\u017cy \u00a0wsp\u00f3\u0142pasa\u017cer\u00f3w. Skutki prawne wymienionych \u00a0sytuacji \u00a0ponosi Pasa\u017cer. Skorzystanie przez Przewo\u017anika z uprawnie\u0144, o kt\u00f3rych mowa w tym punkcie nie uprawnia Pasa\u017cera do \u017c\u0105dania z tego tytu\u0142u jakiegokolwiek \u00a0odszkodowania.<\/p>\n<p align=\"JUSTIFY\">W pojazdach zabronione jest spo\u017cywanie napoj\u00f3w alkoholowych i innych \u015brodk\u00f3w odurzaj\u0105cych, oraz palenie tytoniu.<\/p>\n<p align=\"JUSTIFY\">Przewo\u017anik do\u0142o\u017cy wszelkich stara\u0144, aby przewie\u017a\u0107 Pasa\u017cera i jego baga\u017c<br \/>\nw odpowiednim czasie, ale z przyczyn niezale\u017cnych od niego, nie mo\u017ce tego zagwarantowa\u0107.<\/p>\n<p align=\"JUSTIFY\">Przewo\u017anik nie ponosi odpowiedzialno\u015bci za op\u00f3\u017anienia i ich dalsze skutki spowodowane czynnikami administracyjnymi (np. kontrole stra\u017cy granicznej, kontrole policyjne, kontrole ITD) lub innymi czynnikami niezale\u017cnymi od Przewo\u017anika (np. problemy techniczne, warunki atmosferyczne, utrudnienia w ruchu drogowym lub na przej\u015bciach granicznych oraz op\u00f3\u017anie\u0144 prom\u00f3w).<\/p>\n<p align=\"JUSTIFY\">Przewo\u017anik nie odpowiada za \u00a0odwo\u0142ania kurs\u00f3w z przyczyn od niego niezale\u017cnych (np. zamkni\u0119cie granic, wypadki losowe)<\/p>\n<p align=\"JUSTIFY\">Za nie odbycie podr\u00f3\u017cy z winy Przewo\u017anika Pasa\u017cerowi przys\u0142uguje zwrot kwoty stanowi\u0105cej r\u00f3wnowarto\u015b\u0107 pobranej przez Przewo\u017anika.<\/p>\n<\/ul>\n<p align=\"JUSTIFY\"><em><strong>c) Baga\u017c<\/strong><\/em><\/p>\n<ul>\n<p align=\"JUSTIFY\">Pasa\u017cer ma prawo do bezp\u0142atnego przewozu 3 sztuk baga\u017cu: 2 sztuki podstawowego (walizka, torba podr\u00f3\u017cna, plecak) o \u0142\u0105cznej wadze nieprzekraczaj\u0105cej \u00a050 kg.<\/p>\n<\/ul>\n<p align=\"JUSTIFY\">1 sztuki baga\u017cu podr\u0119cznego o wadze do 5kg.<\/p>\n<ul>\n<p align=\"JUSTIFY\">Baga\u017c podr\u0119czny powinien mie\u0107 wymiary pozwalaj\u0105ce na swobodne umieszczenie go pod fotelem. Baga\u017c podr\u0119czny nie powinien utrudnia\u0107 swobody podr\u00f3\u017cy pozosta\u0142ym Pasa\u017cerom.<\/p>\n<p align=\"JUSTIFY\">Zabrania si\u0119 przewozu rzeczy, kt\u00f3rych przew\u00f3z jest niedozwolony na podstawie odr\u0119bnych przepis\u00f3w prawa. Przewo\u017anik odm\u00f3wi zabrania baga\u017cu niebezpiecznego oraz o nieprzyjemnym zapachu.<\/p>\n<p align=\"JUSTIFY\">Przewo\u017anik nie ponosi odpowiedzialno\u015bci za szkody polegaj\u0105ce na utracie lub uszkodzeniu przewo\u017conej got\u00f3wki, bi\u017cuterii, papier\u00f3w warto\u015bciowych, sprz\u0119tu elektronicznego oraz rzeczy o warto\u015bci naukowej, artystycznej lub kolekcjonerskiej chyba, \u017ce rzeczy te przyj\u0105\u0142 na przechowanie albo szkoda wynik\u0142a z winy umy\u015blnej lub ra\u017c\u0105cego niedbalstwa Przewo\u017anika.<\/p>\n<p align=\"JUSTIFY\">Przedmioty pozostawione w busie, \u00a0zapomnienie lub z innych powod\u00f3w nie s\u0105 obj\u0119te ochron\u0105 i odpowiedzialno\u015bci\u0105 Przewo\u017anika, s\u0105 przechowywane przez Przewo\u017anika przez okres 14 dni.<\/p>\n<\/ul>\n<p align=\"JUSTIFY\"><em><strong>Reklamacje<\/strong><\/em><\/p>\n<p align=\"JUSTIFY\"><em><strong><br \/>\n<\/strong><\/em><br \/>\nWszelkie reklamacje wynikaj\u0105ce z realizacji umowy przewozu nale\u017cy kierowa\u0107 pisemnie (listem poleconym) na adres Przewo\u017anika, w okresie 30 dni od zaistnienia okoliczno\u015bci b\u0119d\u0105cych przedmiotem reklamacji. Osob\u0105 uprawnion\u0105 do sk\u0142adania reklamacji jest Pasa\u017cer lub jego prawny opiekun. Reklamacje z\u0142o\u017cone przez osoby trzecie nie b\u0119d\u0105 rozpatrywane. Przy zg\u0142oszeniu reklamacji nale\u017cy opisa\u0107 zaistnia\u0142e okoliczno\u015bci, zastrze\u017cenia, doznane szkody oraz \u00a0okre\u015bli\u0107 spos\u00f3b rekompensaty. Przewo\u017anik rozpatruje reklamacje w terminie 14 dni od dnia jej dor\u0119czenia na adres Przewo\u017anika.<\/p>\n<\/div>\n<p>[\/vc_column_text][\/vc_column][\/vc_row][vc_row full_width=&#8221;stretch_row_content_no_spaces&#8221; css=&#8221;.vc_custom_1634617781917{background-color: #ffffff !important;}&#8221;][vc_column][vc_empty_space][\/vc_column][\/vc_row]<\/p>\n","protected":false},"excerpt":{"rendered":"<p>[vc_row full_width=&#8221;stretch_row_content_no_spaces&#8221; full_height=&#8221;yes&#8221; content_placement=&#8221;middle&#8221; el_id=&#8221;Start&#8221;][vc_column][vc_banner title=&#8221;MBUS&#8221; subtitle=&#8221;Przewozy pasa\u017cerskie Polska i Europa&#8221; show_arrow=&#8221;true&#8221; arrow_link=&#8221;#about&#8221; css=&#8221;.vc_custom_1635108121893{background-position: center !important;background-repeat: no-repeat !important;background-size: cover !important;}&#8221;][\/vc_column][\/vc_row][vc_row full_width=&#8221;stretch_row_content_no_spaces&#8221; css=&#8221;.vc_custom_1635098957656{padding-right:&#8230;<\/p>\n","protected":false},"author":1,"featured_media":0,"parent":0,"menu_order":0,"comment_status":"closed","ping_status":"closed","template":"","meta":{"footnotes":""},"class_list":["post-666","page","type-page","status-publish","hentry"],"_links":{"self":[{"href":"https:\/\/mbus.pl\/index.php\/wp-json\/wp\/v2\/pages\/666","targetHints":{"allow":["GET"]}}],"collection":[{"href":"https:\/\/mbus.pl\/index.php\/wp-json\/wp\/v2\/pages"}],"about":[{"href":"https:\/\/mbus.pl\/index.php\/wp-json\/wp\/v2\/types\/page"}],"author":[{"embeddable":true,"href":"https:\/\/mbus.pl\/index.php\/wp-json\/wp\/v2\/users\/1"}],"replies":[{"embeddable":true,"href":"https:\/\/mbus.pl\/index.php\/wp-json\/wp\/v2\/comments?post=666"}],"version-history":[{"count":2,"href":"https:\/\/mbus.pl\/index.php\/wp-json\/wp\/v2\/pages\/666\/revisions"}],"predecessor-version":[{"id":668,"href":"https:\/\/mbus.pl\/index.php\/wp-json\/wp\/v2\/pages\/666\/revisions\/668"}],"wp:attachment":[{"href":"https:\/\/mbus.pl\/index.php\/wp-json\/wp\/v2\/media?parent=666"}],"curies":[{"name":"wp","href":"https:\/\/api.w.org\/{rel}","templated":true}]}}